{"id":1513,"date":"2024-01-05T01:01:56","date_gmt":"2024-01-05T04:01:56","guid":{"rendered":"https:\/\/genomaa.com.br\/pt-br\/?page_id=1513"},"modified":"2025-03-24T18:00:34","modified_gmt":"2025-03-24T21:00:34","slug":"laboratorio","status":"publish","type":"page","link":"https:\/\/genomaa.com.br\/pt-br\/laboratorio\/","title":{"rendered":"Laborat\u00f3rio"},"content":{"rendered":"\t\t<div data-elementor-type=\"wp-post\" data-elementor-id=\"1513\" class=\"elementor elementor-1513\" data-elementor-settings=\"{&quot;ha_cmc_init_switcher&quot;:&quot;no&quot;}\" data-elementor-post-type=\"page\">\n\t\t\t\t\t\t<section class=\"elementor-section elementor-top-section elementor-element elementor-element-c70d5c2 elementor-section-full_width elementor-section-height-min-height elementor-section-height-default elementor-section-items-middle\" data-id=\"c70d5c2\" data-element_type=\"section\" data-e-type=\"section\" data-settings=\"{&quot;background_background&quot;:&quot;video&quot;,&quot;background_play_on_mobile&quot;:&quot;yes&quot;,&quot;background_video_link&quot;:&quot;https:\\\/\\\/genomaa.com.br\\\/pt-br\\\/wp-content\\\/uploads\\\/2024\\\/01\\\/video-laboratorio3.mp4&quot;,&quot;_ha_eqh_enable&quot;:false}\">\n\t\t\t\t\t\t\t\t<div class=\"elementor-background-video-container\">\n\t\t\t\t\t\t\t\t\t\t\t\t\t<video class=\"elementor-background-video-hosted\" role=\"presentation\" autoplay muted playsinline loop><\/video>\n\t\t\t\t\t\t\t\t\t\t\t<\/div>\n\t\t\t\t\t\t\t\t\t<div class=\"elementor-background-overlay\"><\/div>\n\t\t\t\t\t\t\t<div class=\"elementor-container elementor-column-gap-default\">\n\t\t\t\t\t<div class=\"aux-parallax-section elementor-column elementor-col-100 elementor-top-column elementor-element elementor-element-fc3ce59\" data-id=\"fc3ce59\" data-element_type=\"column\" data-e-type=\"column\">\n\t\t\t<div class=\"elementor-widget-wrap elementor-element-populated\">\n\t\t\t\t\t\t<div class=\"elementor-element elementor-element-2ba995c ha-has-bg-overlay elementor-invisible elementor-widget elementor-widget-aux_modern_heading\" data-id=\"2ba995c\" data-element_type=\"widget\" data-e-type=\"widget\" data-settings=\"{&quot;_animation&quot;:&quot;fadeInUp&quot;}\" data-widget_type=\"aux_modern_heading.default\">\n\t\t\t\t<div class=\"elementor-widget-container\">\n\t\t\t\t\t<section class=\"aux-widget-modern-heading\">\n            <div class=\"aux-widget-inner\"><h2 class=\"aux-modern-heading-primary\">Estrutura para te \n\n<\/h2><h3 class=\"aux-modern-heading-secondary\"><span class=\"aux-head-before\">oferecer o melhor<\/span><\/h3><\/div>\n        <\/section>\t\t\t\t<\/div>\n\t\t\t\t<\/div>\n\t\t\t\t\t<\/div>\n\t\t<\/div>\n\t\t\t\t\t<\/div>\n\t\t<\/section>\n\t\t\t\t<section class=\"elementor-section elementor-top-section elementor-element elementor-element-9153463 elementor-section-boxed elementor-section-height-default elementor-section-height-default\" data-id=\"9153463\" data-element_type=\"section\" data-e-type=\"section\" data-settings=\"{&quot;shape_divider_bottom_negative&quot;:&quot;yes&quot;,&quot;background_background&quot;:&quot;classic&quot;,&quot;shape_divider_bottom&quot;:&quot;curve&quot;,&quot;_ha_eqh_enable&quot;:false}\">\n\t\t\t\t\t<div class=\"elementor-shape elementor-shape-bottom\" aria-hidden=\"true\" data-negative=\"true\">\n\t\t\t<svg xmlns=\"http:\/\/www.w3.org\/2000\/svg\" viewBox=\"0 0 1000 100\" preserveAspectRatio=\"none\">\n\t<path class=\"elementor-shape-fill\" d=\"M500,97C126.7,96.3,0.8,19.8,0,0v100l1000,0V1C1000,19.4,873.3,97.8,500,97z\"\/>\n<\/svg>\t\t<\/div>\n\t\t\t\t\t<div class=\"elementor-container elementor-column-gap-default\">\n\t\t\t\t\t<div class=\"aux-parallax-section elementor-column elementor-col-100 elementor-top-column elementor-element elementor-element-7b22c43\" data-id=\"7b22c43\" data-element_type=\"column\" data-e-type=\"column\">\n\t\t\t<div class=\"elementor-widget-wrap elementor-element-populated\">\n\t\t\t\t\t\t<section class=\"elementor-section elementor-inner-section elementor-element elementor-element-e2ce270 elementor-section-boxed elementor-section-height-default elementor-section-height-default\" data-id=\"e2ce270\" data-element_type=\"section\" data-e-type=\"section\" data-settings=\"{&quot;_ha_eqh_enable&quot;:false}\">\n\t\t\t\t\t\t<div class=\"elementor-container elementor-column-gap-default\">\n\t\t\t\t\t<div class=\"aux-parallax-section elementor-column elementor-col-50 elementor-inner-column elementor-element elementor-element-8cdcd33\" data-id=\"8cdcd33\" data-element_type=\"column\" data-e-type=\"column\">\n\t\t\t<div class=\"elementor-widget-wrap elementor-element-populated\">\n\t\t\t\t\t\t<div class=\"elementor-element elementor-element-c1ee602 elementor-invisible elementor-widget elementor-widget-elementskit-heading\" data-id=\"c1ee602\" data-element_type=\"widget\" data-e-type=\"widget\" data-settings=\"{&quot;_animation&quot;:&quot;fadeInUp&quot;}\" data-widget_type=\"elementskit-heading.default\">\n\t\t\t\t<div class=\"elementor-widget-container\">\n\t\t\t\t\t<div class=\"ekit-wid-con\" ><div class=\"ekit-heading elementskit-section-title-wraper text_left   ekit_heading_tablet-   ekit_heading_mobile-text_left\"><h2 class=\"ekit-heading--title elementskit-section-title \">Venha nos fazer uma visita<\/h2>\t\t\t\t<div class='ekit-heading__description'>\n\t\t\t\t\t<p>A GenomaA Biotech conta um dos laborat\u00f3rios mais modernos do Brasil para o sequenciamento gen\u00e9tico e identifica\u00e7\u00e3o de esp\u00e9cies por DNA. Contamos com um corpo t\u00e9cnico qualificado e altamente especializado, empregando a tecnologia de ponta no sequenciamento gen\u00e9tico por nanoporos, que permite melhorar a produtividade e a rentabilidade de nossos clientes.<\/p>\n\t\t\t\t<\/div>\n\t\t\t<\/div><\/div>\t\t\t\t<\/div>\n\t\t\t\t<\/div>\n\t\t\t\t\t<\/div>\n\t\t<\/div>\n\t\t\t\t<div class=\"aux-parallax-section elementor-column elementor-col-50 elementor-inner-column elementor-element elementor-element-ee8a94a\" data-id=\"ee8a94a\" data-element_type=\"column\" data-e-type=\"column\">\n\t\t\t<div class=\"elementor-widget-wrap elementor-element-populated\">\n\t\t\t\t\t\t<div class=\"elementor-element elementor-element-5f078e0 elementor-invisible elementor-widget elementor-widget-video\" data-id=\"5f078e0\" data-element_type=\"widget\" data-e-type=\"widget\" data-settings=\"{&quot;youtube_url&quot;:&quot;https:\\\/\\\/youtu.be\\\/0OYWjKTJJC0&quot;,&quot;show_image_overlay&quot;:&quot;yes&quot;,&quot;image_overlay&quot;:{&quot;url&quot;:&quot;https:\\\/\\\/genomaa.com.br\\\/wp-content\\\/uploads\\\/2024\\\/01\\\/bg2-video-laboratorio.jpg&quot;,&quot;id&quot;:1526,&quot;size&quot;:&quot;&quot;,&quot;alt&quot;:&quot;&quot;,&quot;source&quot;:&quot;library&quot;},&quot;_animation&quot;:&quot;fadeInUp&quot;,&quot;video_type&quot;:&quot;youtube&quot;,&quot;controls&quot;:&quot;yes&quot;}\" data-widget_type=\"video.default\">\n\t\t\t\t<div class=\"elementor-widget-container\">\n\t\t\t\t\t\t\t<div class=\"elementor-wrapper elementor-open-inline\">\n\t\t\t<div class=\"elementor-video\"><\/div>\t\t\t\t<div class=\"elementor-custom-embed-image-overlay\" style=\"background-image: url(https:\/\/genomaa.com.br\/pt-br\/wp-content\/uploads\/2024\/01\/bg2-video-laboratorio.jpg);\">\n\t\t\t\t\t\t\t\t\t\t\t\t\t\t\t\t<div class=\"elementor-custom-embed-play\" role=\"button\" aria-label=\"Reproduzir v\u00eddeo\" tabindex=\"0\">\n\t\t\t\t\t\t\t<i aria-hidden=\"true\" class=\"icon icon-vplay\"><\/i>\t\t\t\t\t\t<\/div>\n\t\t\t\t\t\t\t\t\t<\/div>\n\t\t\t\t\t<\/div>\n\t\t\t\t\t\t<\/div>\n\t\t\t\t<\/div>\n\t\t\t\t\t<\/div>\n\t\t<\/div>\n\t\t\t\t\t<\/div>\n\t\t<\/section>\n\t\t\t\t\t<\/div>\n\t\t<\/div>\n\t\t\t\t\t<\/div>\n\t\t<\/section>\n\t\t\t\t<section class=\"elementor-section elementor-top-section elementor-element elementor-element-11d5ae93 elementor-section-boxed elementor-section-height-default elementor-section-height-default\" data-id=\"11d5ae93\" data-element_type=\"section\" data-e-type=\"section\" id=\"xs_blog_sort_an_full_grid\" data-settings=\"{&quot;background_background&quot;:&quot;classic&quot;,&quot;_ha_eqh_enable&quot;:false}\">\n\t\t\t\t\t\t<div class=\"elementor-container elementor-column-gap-default\">\n\t\t\t\t\t<div class=\"aux-parallax-section elementor-column elementor-col-100 elementor-top-column elementor-element elementor-element-a14eb4a\" data-id=\"a14eb4a\" data-element_type=\"column\" data-e-type=\"column\">\n\t\t\t<div class=\"elementor-widget-wrap elementor-element-populated\">\n\t\t\t\t\t\t<div class=\"elementor-element elementor-element-e5a037b elementor-invisible elementor-widget elementor-widget-elementskit-heading\" data-id=\"e5a037b\" data-element_type=\"widget\" data-e-type=\"widget\" data-settings=\"{&quot;_animation&quot;:&quot;fadeInUp&quot;}\" data-widget_type=\"elementskit-heading.default\">\n\t\t\t\t<div class=\"elementor-widget-container\">\n\t\t\t\t\t<div class=\"ekit-wid-con\" ><div class=\"ekit-heading elementskit-section-title-wraper text_center   ekit_heading_tablet-   ekit_heading_mobile-text_left\"><h2 class=\"ekit-heading--title elementskit-section-title \">Saiba onde nos encontrar<\/h2>\t\t\t\t<div class='ekit-heading__description'>\n\t\t\t\t\t<p>Toda nossa estrutura laboratorial est\u00e1 instalada no Parque Tecnol\u00f3gico de Piracicaba (SP), em grande sinergia com a Universidade de S\u00e3o Paulo (ESALQ e CENA), refer\u00eancia mundial em ensino e pesquisa na \u00e1rea ambiental, agr\u00edcola e florestal.<\/p>\n\t\t\t\t<\/div>\n\t\t\t<\/div><\/div>\t\t\t\t<\/div>\n\t\t\t\t<\/div>\n\t\t\t\t<div class=\"elementor-element elementor-element-a5be303 elementor-invisible elementor-widget elementor-widget-image\" data-id=\"a5be303\" data-element_type=\"widget\" data-e-type=\"widget\" data-settings=\"{&quot;_animation&quot;:&quot;fadeInUp&quot;}\" data-widget_type=\"image.default\">\n\t\t\t\t<div class=\"elementor-widget-container\">\n\t\t\t\t\t\t\t\t\t\t\t\t\t\t\t<img fetchpriority=\"high\" decoding=\"async\" width=\"1432\" height=\"600\" src=\"https:\/\/genomaa.com.br\/pt-br\/wp-content\/uploads\/2024\/01\/localizacao.jpg\" class=\"attachment-full size-full wp-image-1668\" alt=\"\" srcset=\"https:\/\/genomaa.com.br\/pt-br\/wp-content\/uploads\/2024\/01\/localizacao.jpg 1432w, https:\/\/genomaa.com.br\/pt-br\/wp-content\/uploads\/2024\/01\/localizacao-200x84.jpg 200w\" sizes=\"(max-width: 1432px) 100vw, 1432px\" \/>\t\t\t\t\t\t\t\t\t\t\t\t\t\t\t<\/div>\n\t\t\t\t<\/div>\n\t\t\t\t\t<\/div>\n\t\t<\/div>\n\t\t\t\t\t<\/div>\n\t\t<\/section>\n\t\t\t\t<\/div>\n\t\t","protected":false},"excerpt":{"rendered":"<p>Estrutura para te oferecer o melhor Venha nos fazer uma visita A GenomaA Biotech conta um dos laborat\u00f3rios mais modernos do Brasil para o sequenciamento gen\u00e9tico e identifica\u00e7\u00e3o de esp\u00e9cies por DNA. Contamos com um corpo t\u00e9cnico qualificado e altamente especializado, empregando a tecnologia de ponta no sequenciamento gen\u00e9tico por nanoporos, que permite melhorar a [&hellip;]<\/p>\n","protected":false},"author":1,"featured_media":0,"parent":0,"menu_order":0,"comment_status":"closed","ping_status":"closed","template":"","meta":{"_eb_attr":"","inline_featured_image":false,"footnotes":""},"class_list":["post-1513","page","type-page","status-publish","hentry"],"_links":{"self":[{"href":"https:\/\/genomaa.com.br\/pt-br\/wp-json\/wp\/v2\/pages\/1513","targetHints":{"allow":["GET"]}}],"collection":[{"href":"https:\/\/genomaa.com.br\/pt-br\/wp-json\/wp\/v2\/pages"}],"about":[{"href":"https:\/\/genomaa.com.br\/pt-br\/wp-json\/wp\/v2\/types\/page"}],"author":[{"embeddable":true,"href":"https:\/\/genomaa.com.br\/pt-br\/wp-json\/wp\/v2\/users\/1"}],"replies":[{"embeddable":true,"href":"https:\/\/genomaa.com.br\/pt-br\/wp-json\/wp\/v2\/comments?post=1513"}],"version-history":[{"count":121,"href":"https:\/\/genomaa.com.br\/pt-br\/wp-json\/wp\/v2\/pages\/1513\/revisions"}],"predecessor-version":[{"id":3732,"href":"https:\/\/genomaa.com.br\/pt-br\/wp-json\/wp\/v2\/pages\/1513\/revisions\/3732"}],"wp:attachment":[{"href":"https:\/\/genomaa.com.br\/pt-br\/wp-json\/wp\/v2\/media?parent=1513"}],"curies":[{"name":"wp","href":"https:\/\/api.w.org\/{rel}","templated":true}]}}