{"id":2089,"date":"2024-01-15T07:28:34","date_gmt":"2024-01-15T10:28:34","guid":{"rendered":"https:\/\/genomaa.com.br\/pt-br\/?page_id=2089"},"modified":"2025-03-24T18:06:27","modified_gmt":"2025-03-24T21:06:27","slug":"identificacao-de-plantas-animais-e-microrganismos","status":"publish","type":"page","link":"https:\/\/genomaa.com.br\/pt-br\/identificacao-de-plantas-animais-e-microrganismos\/","title":{"rendered":"Identifica\u00e7\u00e3o de Plantas, Animais e Microrganismos"},"content":{"rendered":"\t\t<div data-elementor-type=\"wp-post\" data-elementor-id=\"2089\" class=\"elementor elementor-2089\" data-elementor-settings=\"{&quot;ha_cmc_init_switcher&quot;:&quot;no&quot;}\" data-elementor-post-type=\"page\">\n\t\t\t\t\t\t<section class=\"elementor-section elementor-top-section elementor-element elementor-element-c70d5c2 elementor-section-full_width elementor-section-height-min-height elementor-section-height-default elementor-section-items-middle\" data-id=\"c70d5c2\" data-element_type=\"section\" data-e-type=\"section\" data-settings=\"{&quot;background_background&quot;:&quot;classic&quot;,&quot;_ha_eqh_enable&quot;:false}\">\n\t\t\t\t\t\t\t<div class=\"elementor-background-overlay\"><\/div>\n\t\t\t\t\t\t\t<div class=\"elementor-container elementor-column-gap-default\">\n\t\t\t\t\t<div class=\"aux-parallax-section elementor-column elementor-col-100 elementor-top-column elementor-element elementor-element-fc3ce59\" data-id=\"fc3ce59\" data-element_type=\"column\" data-e-type=\"column\">\n\t\t\t<div class=\"elementor-widget-wrap elementor-element-populated\">\n\t\t\t\t\t\t<div class=\"elementor-element elementor-element-2ba995c ha-has-bg-overlay elementor-invisible elementor-widget elementor-widget-aux_modern_heading\" data-id=\"2ba995c\" data-element_type=\"widget\" data-e-type=\"widget\" data-settings=\"{&quot;_animation&quot;:&quot;fadeInUp&quot;}\" data-widget_type=\"aux_modern_heading.default\">\n\t\t\t\t<div class=\"elementor-widget-container\">\n\t\t\t\t\t<section class=\"aux-widget-modern-heading\">\n            <div class=\"aux-widget-inner\"><h2 class=\"aux-modern-heading-primary\">\n\n<\/h2><h3 class=\"aux-modern-heading-secondary\"><span class=\"aux-head-before\">Identifica\u00e7\u00e3o de Plantas, Animais e Microrganismos<\/span><\/h3><\/div>\n        <\/section>\t\t\t\t<\/div>\n\t\t\t\t<\/div>\n\t\t\t\t\t<\/div>\n\t\t<\/div>\n\t\t\t\t\t<\/div>\n\t\t<\/section>\n\t\t\t\t<section class=\"elementor-section elementor-top-section elementor-element elementor-element-69f181e elementor-section-boxed elementor-section-height-default elementor-section-height-default\" data-id=\"69f181e\" data-element_type=\"section\" data-e-type=\"section\" data-settings=\"{&quot;_ha_eqh_enable&quot;:false}\">\n\t\t\t\t\t\t<div class=\"elementor-container elementor-column-gap-default\">\n\t\t\t\t\t<div class=\"aux-parallax-section elementor-column elementor-col-50 elementor-top-column elementor-element elementor-element-02a79ec\" data-id=\"02a79ec\" data-element_type=\"column\" data-e-type=\"column\">\n\t\t\t<div class=\"elementor-widget-wrap elementor-element-populated\">\n\t\t\t\t\t\t<div class=\"elementor-element elementor-element-7c54c26 elementor-invisible elementor-widget elementor-widget-text-editor\" data-id=\"7c54c26\" data-element_type=\"widget\" data-e-type=\"widget\" data-settings=\"{&quot;_animation&quot;:&quot;fadeInUp&quot;}\" data-widget_type=\"text-editor.default\">\n\t\t\t\t<div class=\"elementor-widget-container\">\n\t\t\t\t\t\t\t\t\t<p>A identifica\u00e7\u00e3o de esp\u00e9cies de plantas e animais utilizando t\u00e9cnicas de DNA torna o processo mais r\u00e1pido e seu resultado \u00e9 indiscut\u00edvel. As amostras necess\u00e1rias s\u00e3o pequenas e praticamente n\u00e3o causam traumas ao serem retiradas.<\/p><p>Muitas empresas dos setores de minera\u00e7\u00e3o e constru\u00e7\u00e3o civil (sobretudo em obras de infraestrutura de grande porte) adotam essa solu\u00e7\u00e3o para comprova\u00e7\u00f5es relacionadas \u00e0 endemismo, verifica\u00e7\u00e3o de ocorr\u00eancia de esp\u00e9cies em ambientes diversos e cumprimento de condicionantes de licen\u00e7as ambientais, confirma\u00e7\u00e3o de esp\u00e9cies, identifica\u00e7\u00e3o de diferen\u00e7as entre linhagens e genoma completo de microrganismos isolados s\u00e3o entregas que a GenomaA realiza para as mais diversas demandas de seus clientes.<\/p>\t\t\t\t\t\t\t\t<\/div>\n\t\t\t\t<\/div>\n\t\t\t\t\t<\/div>\n\t\t<\/div>\n\t\t\t\t<div class=\"aux-parallax-section elementor-column elementor-col-50 elementor-top-column elementor-element elementor-element-976fc7f\" data-id=\"976fc7f\" data-element_type=\"column\" data-e-type=\"column\">\n\t\t\t<div class=\"elementor-widget-wrap elementor-element-populated\">\n\t\t\t\t\t\t<div class=\"elementor-element elementor-element-8ec7002 elementor-invisible elementor-widget elementor-widget-image\" data-id=\"8ec7002\" data-element_type=\"widget\" data-e-type=\"widget\" data-settings=\"{&quot;_animation&quot;:&quot;fadeInUp&quot;}\" data-widget_type=\"image.default\">\n\t\t\t\t<div class=\"elementor-widget-container\">\n\t\t\t\t\t\t\t\t\t\t\t\t\t\t\t<img fetchpriority=\"high\" decoding=\"async\" width=\"443\" height=\"400\" src=\"https:\/\/genomaa.com.br\/pt-br\/wp-content\/uploads\/2024\/01\/fot-id-plantas.png\" class=\"attachment-large size-large wp-image-2231\" alt=\"\" srcset=\"https:\/\/genomaa.com.br\/pt-br\/wp-content\/uploads\/2024\/01\/fot-id-plantas.png 443w, https:\/\/genomaa.com.br\/pt-br\/wp-content\/uploads\/2024\/01\/fot-id-plantas-200x181.png 200w\" sizes=\"(max-width: 443px) 100vw, 443px\" \/>\t\t\t\t\t\t\t\t\t\t\t\t\t\t\t<\/div>\n\t\t\t\t<\/div>\n\t\t\t\t\t<\/div>\n\t\t<\/div>\n\t\t\t\t\t<\/div>\n\t\t<\/section>\n\t\t\t\t<\/div>\n\t\t","protected":false},"excerpt":{"rendered":"<p>Identifica\u00e7\u00e3o de Plantas, Animais e Microrganismos A identifica\u00e7\u00e3o de esp\u00e9cies de plantas e animais utilizando t\u00e9cnicas de DNA torna o processo mais r\u00e1pido e seu resultado \u00e9 indiscut\u00edvel. As amostras necess\u00e1rias s\u00e3o pequenas e praticamente n\u00e3o causam traumas ao serem retiradas. Muitas empresas dos setores de minera\u00e7\u00e3o e constru\u00e7\u00e3o civil (sobretudo em obras de infraestrutura [&hellip;]<\/p>\n","protected":false},"author":1,"featured_media":0,"parent":0,"menu_order":0,"comment_status":"closed","ping_status":"closed","template":"","meta":{"_eb_attr":"","inline_featured_image":false,"footnotes":""},"class_list":["post-2089","page","type-page","status-publish","hentry"],"_links":{"self":[{"href":"https:\/\/genomaa.com.br\/pt-br\/wp-json\/wp\/v2\/pages\/2089","targetHints":{"allow":["GET"]}}],"collection":[{"href":"https:\/\/genomaa.com.br\/pt-br\/wp-json\/wp\/v2\/pages"}],"about":[{"href":"https:\/\/genomaa.com.br\/pt-br\/wp-json\/wp\/v2\/types\/page"}],"author":[{"embeddable":true,"href":"https:\/\/genomaa.com.br\/pt-br\/wp-json\/wp\/v2\/users\/1"}],"replies":[{"embeddable":true,"href":"https:\/\/genomaa.com.br\/pt-br\/wp-json\/wp\/v2\/comments?post=2089"}],"version-history":[{"count":46,"href":"https:\/\/genomaa.com.br\/pt-br\/wp-json\/wp\/v2\/pages\/2089\/revisions"}],"predecessor-version":[{"id":3747,"href":"https:\/\/genomaa.com.br\/pt-br\/wp-json\/wp\/v2\/pages\/2089\/revisions\/3747"}],"wp:attachment":[{"href":"https:\/\/genomaa.com.br\/pt-br\/wp-json\/wp\/v2\/media?parent=2089"}],"curies":[{"name":"wp","href":"https:\/\/api.w.org\/{rel}","templated":true}]}}