{"id":2102,"date":"2024-01-15T07:40:30","date_gmt":"2024-01-15T10:40:30","guid":{"rendered":"https:\/\/genomaa.com.br\/pt-br\/?page_id=2102"},"modified":"2025-03-24T18:25:10","modified_gmt":"2025-03-24T21:25:10","slug":"analise-de-efluentes","status":"publish","type":"page","link":"https:\/\/genomaa.com.br\/pt-br\/analise-de-efluentes\/","title":{"rendered":"An\u00e1lise de Efluentes"},"content":{"rendered":"\t\t<div data-elementor-type=\"wp-post\" data-elementor-id=\"2102\" class=\"elementor elementor-2102\" data-elementor-settings=\"{&quot;ha_cmc_init_switcher&quot;:&quot;no&quot;}\" data-elementor-post-type=\"page\">\n\t\t\t\t\t\t<section class=\"elementor-section elementor-top-section elementor-element elementor-element-c70d5c2 elementor-section-full_width elementor-section-height-min-height elementor-section-height-default elementor-section-items-middle\" data-id=\"c70d5c2\" data-element_type=\"section\" data-e-type=\"section\" data-settings=\"{&quot;background_background&quot;:&quot;classic&quot;,&quot;_ha_eqh_enable&quot;:false}\">\n\t\t\t\t\t\t\t<div class=\"elementor-background-overlay\"><\/div>\n\t\t\t\t\t\t\t<div class=\"elementor-container elementor-column-gap-default\">\n\t\t\t\t\t<div class=\"aux-parallax-section elementor-column elementor-col-100 elementor-top-column elementor-element elementor-element-fc3ce59\" data-id=\"fc3ce59\" data-element_type=\"column\" data-e-type=\"column\">\n\t\t\t<div class=\"elementor-widget-wrap elementor-element-populated\">\n\t\t\t\t\t\t<div class=\"elementor-element elementor-element-2ba995c ha-has-bg-overlay elementor-invisible elementor-widget elementor-widget-aux_modern_heading\" data-id=\"2ba995c\" data-element_type=\"widget\" data-e-type=\"widget\" data-settings=\"{&quot;_animation&quot;:&quot;fadeInUp&quot;}\" data-widget_type=\"aux_modern_heading.default\">\n\t\t\t\t<div class=\"elementor-widget-container\">\n\t\t\t\t\t<section class=\"aux-widget-modern-heading\">\n            <div class=\"aux-widget-inner\"><h2 class=\"aux-modern-heading-primary\">\n\n<\/h2><h3 class=\"aux-modern-heading-secondary\"><span class=\"aux-head-before\">An\u00e1lise de Efluentes<\/span><\/h3><\/div>\n        <\/section>\t\t\t\t<\/div>\n\t\t\t\t<\/div>\n\t\t\t\t\t<\/div>\n\t\t<\/div>\n\t\t\t\t\t<\/div>\n\t\t<\/section>\n\t\t\t\t<section class=\"elementor-section elementor-top-section elementor-element elementor-element-b5762e2 elementor-section-boxed elementor-section-height-default elementor-section-height-default\" data-id=\"b5762e2\" data-element_type=\"section\" data-e-type=\"section\" data-settings=\"{&quot;background_background&quot;:&quot;classic&quot;,&quot;_ha_eqh_enable&quot;:false}\">\n\t\t\t\t\t\t<div class=\"elementor-container elementor-column-gap-default\">\n\t\t\t\t\t<div class=\"aux-parallax-section elementor-column elementor-col-50 elementor-top-column elementor-element elementor-element-ef5b45d\" data-id=\"ef5b45d\" data-element_type=\"column\" data-e-type=\"column\">\n\t\t\t<div class=\"elementor-widget-wrap elementor-element-populated\">\n\t\t\t\t\t\t<div class=\"elementor-element elementor-element-24d939f elementor-invisible elementor-widget elementor-widget-text-editor\" data-id=\"24d939f\" data-element_type=\"widget\" data-e-type=\"widget\" data-settings=\"{&quot;_animation&quot;:&quot;fadeInUp&quot;}\" data-widget_type=\"text-editor.default\">\n\t\t\t\t<div class=\"elementor-widget-container\">\n\t\t\t\t\t\t\t\t\t<p>A identifica\u00e7\u00e3o de esp\u00e9cies de microrganismos n\u00e3o \u00e9 exclusividade de amostras de solo. Com o desenvolvimento das t\u00e9cnicas de extra\u00e7\u00e3o de DNA, a GenomaA tamb\u00e9m trabalha com a identifica\u00e7\u00e3o da composi\u00e7\u00e3o de comunidades diversas presentes em amostras de \u00e1gua e efluentes. Isso significa resultados mais r\u00e1pidos e eficazes no monitoramento da qualidade dos efluentes devolvidos \u00e0 natureza.<\/p><p>Assim, nossas solu\u00e7\u00f5es envolvem:<\/p>\t\t\t\t\t\t\t\t<\/div>\n\t\t\t\t<\/div>\n\t\t\t\t<div class=\"elementor-element elementor-element-0677ad1 elementor-icon-list--layout-traditional elementor-list-item-link-full_width elementor-invisible elementor-widget elementor-widget-icon-list\" data-id=\"0677ad1\" data-element_type=\"widget\" data-e-type=\"widget\" data-settings=\"{&quot;_animation&quot;:&quot;fadeInUp&quot;}\" data-widget_type=\"icon-list.default\">\n\t\t\t\t<div class=\"elementor-widget-container\">\n\t\t\t\t\t\t\t<ul class=\"elementor-icon-list-items\">\n\t\t\t\t\t\t\t<li class=\"elementor-icon-list-item\">\n\t\t\t\t\t\t\t\t\t\t\t<span class=\"elementor-icon-list-icon\">\n\t\t\t\t\t\t\t<i aria-hidden=\"true\" class=\"fas fa-check\"><\/i>\t\t\t\t\t\t<\/span>\n\t\t\t\t\t\t\t\t\t\t<span class=\"elementor-icon-list-text\">Identifica\u00e7\u00e3o e monitoramento de organismos potencialmente prejudiciais \u00e0 fauna e flora local;<\/span>\n\t\t\t\t\t\t\t\t\t<\/li>\n\t\t\t\t\t\t\t\t<li class=\"elementor-icon-list-item\">\n\t\t\t\t\t\t\t\t\t\t\t<span class=\"elementor-icon-list-icon\">\n\t\t\t\t\t\t\t<i aria-hidden=\"true\" class=\"fas fa-check\"><\/i>\t\t\t\t\t\t<\/span>\n\t\t\t\t\t\t\t\t\t\t<span class=\"elementor-icon-list-text\">Identifica\u00e7\u00e3o de organismos resistentes ao uso de produtos sanitizantes no processo de limpeza dos efluentes;<\/span>\n\t\t\t\t\t\t\t\t\t<\/li>\n\t\t\t\t\t\t\t\t<li class=\"elementor-icon-list-item\">\n\t\t\t\t\t\t\t\t\t\t\t<span class=\"elementor-icon-list-icon\">\n\t\t\t\t\t\t\t<i aria-hidden=\"true\" class=\"fas fa-check\"><\/i>\t\t\t\t\t\t<\/span>\n\t\t\t\t\t\t\t\t\t\t<span class=\"elementor-icon-list-text\">Monitoramento da qualidade do tratamento aplicado aos efluentes;<\/span>\n\t\t\t\t\t\t\t\t\t<\/li>\n\t\t\t\t\t\t\t\t<li class=\"elementor-icon-list-item\">\n\t\t\t\t\t\t\t\t\t\t\t<span class=\"elementor-icon-list-icon\">\n\t\t\t\t\t\t\t<i aria-hidden=\"true\" class=\"fas fa-check\"><\/i>\t\t\t\t\t\t<\/span>\n\t\t\t\t\t\t\t\t\t\t<span class=\"elementor-icon-list-text\">Monitoramento da qualidade das comunidades presentes nos corpos h\u00eddricos que recebem os efluentes tratados.<\/span>\n\t\t\t\t\t\t\t\t\t<\/li>\n\t\t\t\t\t\t<\/ul>\n\t\t\t\t\t\t<\/div>\n\t\t\t\t<\/div>\n\t\t\t\t\t<\/div>\n\t\t<\/div>\n\t\t\t\t<div class=\"aux-parallax-section elementor-column elementor-col-50 elementor-top-column elementor-element elementor-element-dcda7b5\" data-id=\"dcda7b5\" data-element_type=\"column\" data-e-type=\"column\">\n\t\t\t<div class=\"elementor-widget-wrap elementor-element-populated\">\n\t\t\t\t\t\t<div class=\"elementor-element elementor-element-83b4f01 elementor-invisible elementor-widget elementor-widget-image\" data-id=\"83b4f01\" data-element_type=\"widget\" data-e-type=\"widget\" data-settings=\"{&quot;_animation&quot;:&quot;fadeInUp&quot;}\" data-widget_type=\"image.default\">\n\t\t\t\t<div class=\"elementor-widget-container\">\n\t\t\t\t\t\t\t\t\t\t\t\t\t\t\t<img fetchpriority=\"high\" decoding=\"async\" width=\"443\" height=\"400\" src=\"https:\/\/genomaa.com.br\/pt-br\/wp-content\/uploads\/2024\/01\/fot-coletaagua.png\" class=\"attachment-large size-large wp-image-2292\" alt=\"\" srcset=\"https:\/\/genomaa.com.br\/pt-br\/wp-content\/uploads\/2024\/01\/fot-coletaagua.png 443w, https:\/\/genomaa.com.br\/pt-br\/wp-content\/uploads\/2024\/01\/fot-coletaagua-200x181.png 200w\" sizes=\"(max-width: 443px) 100vw, 443px\" \/>\t\t\t\t\t\t\t\t\t\t\t\t\t\t\t<\/div>\n\t\t\t\t<\/div>\n\t\t\t\t\t<\/div>\n\t\t<\/div>\n\t\t\t\t\t<\/div>\n\t\t<\/section>\n\t\t\t\t<\/div>\n\t\t","protected":false},"excerpt":{"rendered":"<p>An\u00e1lise de Efluentes A identifica\u00e7\u00e3o de esp\u00e9cies de microrganismos n\u00e3o \u00e9 exclusividade de amostras de solo. Com o desenvolvimento das t\u00e9cnicas de extra\u00e7\u00e3o de DNA, a GenomaA tamb\u00e9m trabalha com a identifica\u00e7\u00e3o da composi\u00e7\u00e3o de comunidades diversas presentes em amostras de \u00e1gua e efluentes. Isso significa resultados mais r\u00e1pidos e eficazes no monitoramento da qualidade [&hellip;]<\/p>\n","protected":false},"author":1,"featured_media":0,"parent":0,"menu_order":0,"comment_status":"closed","ping_status":"closed","template":"","meta":{"_eb_attr":"","inline_featured_image":false,"footnotes":""},"class_list":["post-2102","page","type-page","status-publish","hentry"],"_links":{"self":[{"href":"https:\/\/genomaa.com.br\/pt-br\/wp-json\/wp\/v2\/pages\/2102","targetHints":{"allow":["GET"]}}],"collection":[{"href":"https:\/\/genomaa.com.br\/pt-br\/wp-json\/wp\/v2\/pages"}],"about":[{"href":"https:\/\/genomaa.com.br\/pt-br\/wp-json\/wp\/v2\/types\/page"}],"author":[{"embeddable":true,"href":"https:\/\/genomaa.com.br\/pt-br\/wp-json\/wp\/v2\/users\/1"}],"replies":[{"embeddable":true,"href":"https:\/\/genomaa.com.br\/pt-br\/wp-json\/wp\/v2\/comments?post=2102"}],"version-history":[{"count":25,"href":"https:\/\/genomaa.com.br\/pt-br\/wp-json\/wp\/v2\/pages\/2102\/revisions"}],"predecessor-version":[{"id":3753,"href":"https:\/\/genomaa.com.br\/pt-br\/wp-json\/wp\/v2\/pages\/2102\/revisions\/3753"}],"wp:attachment":[{"href":"https:\/\/genomaa.com.br\/pt-br\/wp-json\/wp\/v2\/media?parent=2102"}],"curies":[{"name":"wp","href":"https:\/\/api.w.org\/{rel}","templated":true}]}}