{"id":2105,"date":"2024-01-15T07:51:31","date_gmt":"2024-01-15T10:51:31","guid":{"rendered":"https:\/\/genomaa.com.br\/pt-br\/?page_id=2105"},"modified":"2025-03-24T18:27:44","modified_gmt":"2025-03-24T21:27:44","slug":"aplicacoes-do-melhoramento-genetico-de-plantas","status":"publish","type":"page","link":"https:\/\/genomaa.com.br\/pt-br\/aplicacoes-do-melhoramento-genetico-de-plantas\/","title":{"rendered":"Aplica\u00e7\u00f5es do Melhoramento Gen\u00e9tico de Plantas"},"content":{"rendered":"\t\t<div data-elementor-type=\"wp-post\" data-elementor-id=\"2105\" class=\"elementor elementor-2105\" data-elementor-settings=\"{&quot;ha_cmc_init_switcher&quot;:&quot;no&quot;}\" data-elementor-post-type=\"page\">\n\t\t\t\t\t\t<section class=\"elementor-section elementor-top-section elementor-element elementor-element-c70d5c2 elementor-section-full_width elementor-section-height-min-height elementor-section-height-default elementor-section-items-middle\" data-id=\"c70d5c2\" data-element_type=\"section\" data-e-type=\"section\" data-settings=\"{&quot;background_background&quot;:&quot;classic&quot;,&quot;_ha_eqh_enable&quot;:false}\">\n\t\t\t\t\t\t\t<div class=\"elementor-background-overlay\"><\/div>\n\t\t\t\t\t\t\t<div class=\"elementor-container elementor-column-gap-default\">\n\t\t\t\t\t<div class=\"aux-parallax-section elementor-column elementor-col-100 elementor-top-column elementor-element elementor-element-fc3ce59\" data-id=\"fc3ce59\" data-element_type=\"column\" data-e-type=\"column\">\n\t\t\t<div class=\"elementor-widget-wrap elementor-element-populated\">\n\t\t\t\t\t\t<div class=\"elementor-element elementor-element-2ba995c ha-has-bg-overlay elementor-invisible elementor-widget elementor-widget-aux_modern_heading\" data-id=\"2ba995c\" data-element_type=\"widget\" data-e-type=\"widget\" data-settings=\"{&quot;_animation&quot;:&quot;fadeInUp&quot;}\" data-widget_type=\"aux_modern_heading.default\">\n\t\t\t\t<div class=\"elementor-widget-container\">\n\t\t\t\t\t<section class=\"aux-widget-modern-heading\">\n            <div class=\"aux-widget-inner\"><h2 class=\"aux-modern-heading-primary\"><\/h2><h3 class=\"aux-modern-heading-secondary\"><span class=\"aux-head-before\">Aplica\u00e7\u00f5es do Melhoramento Gen\u00e9tico de Plantas<\/span><\/h3><\/div>\n        <\/section>\t\t\t\t<\/div>\n\t\t\t\t<\/div>\n\t\t\t\t\t<\/div>\n\t\t<\/div>\n\t\t\t\t\t<\/div>\n\t\t<\/section>\n\t\t\t\t<section class=\"elementor-section elementor-top-section elementor-element elementor-element-e37b7a4 elementor-section-boxed elementor-section-height-default elementor-section-height-default\" data-id=\"e37b7a4\" data-element_type=\"section\" data-e-type=\"section\" data-settings=\"{&quot;background_background&quot;:&quot;classic&quot;,&quot;_ha_eqh_enable&quot;:false}\">\n\t\t\t\t\t\t<div class=\"elementor-container elementor-column-gap-default\">\n\t\t\t\t\t<div class=\"aux-parallax-section elementor-column elementor-col-50 elementor-top-column elementor-element elementor-element-ebdddff\" data-id=\"ebdddff\" data-element_type=\"column\" data-e-type=\"column\">\n\t\t\t<div class=\"elementor-widget-wrap elementor-element-populated\">\n\t\t\t\t\t\t<div class=\"elementor-element elementor-element-e9504ef elementor-invisible elementor-widget elementor-widget-text-editor\" data-id=\"e9504ef\" data-element_type=\"widget\" data-e-type=\"widget\" data-settings=\"{&quot;_animation&quot;:&quot;fadeInUp&quot;}\" data-widget_type=\"text-editor.default\">\n\t\t\t\t<div class=\"elementor-widget-container\">\n\t\t\t\t\t\t\t\t\t<p>Para al\u00e9m dos servi\u00e7os de sequenciamento gen\u00e9tico j\u00e1 apresentados, a GenomaA Biotech oferece uma ampla variedade de solu\u00e7\u00f5es para auxiliar a tomada de decis\u00e3o dos melhoristas de plantas, sejam agr\u00edcolas ou florestais, como por exemplo:<\/p>\t\t\t\t\t\t\t\t<\/div>\n\t\t\t\t<\/div>\n\t\t\t\t<div class=\"elementor-element elementor-element-f3d5c49 elementor-icon-list--layout-traditional elementor-list-item-link-full_width elementor-invisible elementor-widget elementor-widget-icon-list\" data-id=\"f3d5c49\" data-element_type=\"widget\" data-e-type=\"widget\" data-settings=\"{&quot;_animation&quot;:&quot;fadeInUp&quot;}\" data-widget_type=\"icon-list.default\">\n\t\t\t\t<div class=\"elementor-widget-container\">\n\t\t\t\t\t\t\t<ul class=\"elementor-icon-list-items\">\n\t\t\t\t\t\t\t<li class=\"elementor-icon-list-item\">\n\t\t\t\t\t\t\t\t\t\t\t<span class=\"elementor-icon-list-icon\">\n\t\t\t\t\t\t\t<i aria-hidden=\"true\" class=\"fas fa-check\"><\/i>\t\t\t\t\t\t<\/span>\n\t\t\t\t\t\t\t\t\t\t<span class=\"elementor-icon-list-text\">Identifica\u00e7\u00e3o de genes de resist\u00eancia;<\/span>\n\t\t\t\t\t\t\t\t\t<\/li>\n\t\t\t\t\t\t\t\t<li class=\"elementor-icon-list-item\">\n\t\t\t\t\t\t\t\t\t\t\t<span class=\"elementor-icon-list-icon\">\n\t\t\t\t\t\t\t<i aria-hidden=\"true\" class=\"fas fa-check\"><\/i>\t\t\t\t\t\t<\/span>\n\t\t\t\t\t\t\t\t\t\t<span class=\"elementor-icon-list-text\">Caracteriza\u00e7\u00e3o molecular de cultivares;<\/span>\n\t\t\t\t\t\t\t\t\t<\/li>\n\t\t\t\t\t\t\t\t<li class=\"elementor-icon-list-item\">\n\t\t\t\t\t\t\t\t\t\t\t<span class=\"elementor-icon-list-icon\">\n\t\t\t\t\t\t\t<i aria-hidden=\"true\" class=\"fas fa-check\"><\/i>\t\t\t\t\t\t<\/span>\n\t\t\t\t\t\t\t\t\t\t<span class=\"elementor-icon-list-text\">Identifica\u00e7\u00e3o varietal;<\/span>\n\t\t\t\t\t\t\t\t\t<\/li>\n\t\t\t\t\t\t\t\t<li class=\"elementor-icon-list-item\">\n\t\t\t\t\t\t\t\t\t\t\t<span class=\"elementor-icon-list-icon\">\n\t\t\t\t\t\t\t<i aria-hidden=\"true\" class=\"fas fa-check\"><\/i>\t\t\t\t\t\t<\/span>\n\t\t\t\t\t\t\t\t\t\t<span class=\"elementor-icon-list-text\">Estudos de diversidade gen\u00e9tica e parentesco em pomares de produ\u00e7\u00e3o de sementes.<\/span>\n\t\t\t\t\t\t\t\t\t<\/li>\n\t\t\t\t\t\t<\/ul>\n\t\t\t\t\t\t<\/div>\n\t\t\t\t<\/div>\n\t\t\t\t\t<\/div>\n\t\t<\/div>\n\t\t\t\t<div class=\"aux-parallax-section elementor-column elementor-col-50 elementor-top-column elementor-element elementor-element-74fd431\" data-id=\"74fd431\" data-element_type=\"column\" data-e-type=\"column\">\n\t\t\t<div class=\"elementor-widget-wrap elementor-element-populated\">\n\t\t\t\t\t\t<div class=\"elementor-element elementor-element-3c02a42 elementor-invisible elementor-widget elementor-widget-image\" data-id=\"3c02a42\" data-element_type=\"widget\" data-e-type=\"widget\" data-settings=\"{&quot;_animation&quot;:&quot;fadeInUp&quot;}\" data-widget_type=\"image.default\">\n\t\t\t\t<div class=\"elementor-widget-container\">\n\t\t\t\t\t\t\t\t\t\t\t\t\t\t\t<img fetchpriority=\"high\" decoding=\"async\" width=\"443\" height=\"400\" src=\"https:\/\/genomaa.com.br\/pt-br\/wp-content\/uploads\/2024\/01\/fot-lantas.png\" class=\"attachment-large size-large wp-image-2311\" alt=\"\" srcset=\"https:\/\/genomaa.com.br\/pt-br\/wp-content\/uploads\/2024\/01\/fot-lantas.png 443w, https:\/\/genomaa.com.br\/pt-br\/wp-content\/uploads\/2024\/01\/fot-lantas-200x181.png 200w\" sizes=\"(max-width: 443px) 100vw, 443px\" \/>\t\t\t\t\t\t\t\t\t\t\t\t\t\t\t<\/div>\n\t\t\t\t<\/div>\n\t\t\t\t\t<\/div>\n\t\t<\/div>\n\t\t\t\t\t<\/div>\n\t\t<\/section>\n\t\t\t\t<\/div>\n\t\t","protected":false},"excerpt":{"rendered":"<p>Aplica\u00e7\u00f5es do Melhoramento Gen\u00e9tico de Plantas Para al\u00e9m dos servi\u00e7os de sequenciamento gen\u00e9tico j\u00e1 apresentados, a GenomaA Biotech oferece uma ampla variedade de solu\u00e7\u00f5es para auxiliar a tomada de decis\u00e3o dos melhoristas de plantas, sejam agr\u00edcolas ou florestais, como por exemplo: Identifica\u00e7\u00e3o de genes de resist\u00eancia; Caracteriza\u00e7\u00e3o molecular de cultivares; Identifica\u00e7\u00e3o varietal; Estudos de diversidade [&hellip;]<\/p>\n","protected":false},"author":1,"featured_media":0,"parent":0,"menu_order":0,"comment_status":"closed","ping_status":"closed","template":"","meta":{"_eb_attr":"","inline_featured_image":false,"footnotes":""},"class_list":["post-2105","page","type-page","status-publish","hentry"],"_links":{"self":[{"href":"https:\/\/genomaa.com.br\/pt-br\/wp-json\/wp\/v2\/pages\/2105","targetHints":{"allow":["GET"]}}],"collection":[{"href":"https:\/\/genomaa.com.br\/pt-br\/wp-json\/wp\/v2\/pages"}],"about":[{"href":"https:\/\/genomaa.com.br\/pt-br\/wp-json\/wp\/v2\/types\/page"}],"author":[{"embeddable":true,"href":"https:\/\/genomaa.com.br\/pt-br\/wp-json\/wp\/v2\/users\/1"}],"replies":[{"embeddable":true,"href":"https:\/\/genomaa.com.br\/pt-br\/wp-json\/wp\/v2\/comments?post=2105"}],"version-history":[{"count":31,"href":"https:\/\/genomaa.com.br\/pt-br\/wp-json\/wp\/v2\/pages\/2105\/revisions"}],"predecessor-version":[{"id":3756,"href":"https:\/\/genomaa.com.br\/pt-br\/wp-json\/wp\/v2\/pages\/2105\/revisions\/3756"}],"wp:attachment":[{"href":"https:\/\/genomaa.com.br\/pt-br\/wp-json\/wp\/v2\/media?parent=2105"}],"curies":[{"name":"wp","href":"https:\/\/api.w.org\/{rel}","templated":true}]}}